{"id":3270,"date":"2026-03-22T16:31:25","date_gmt":"2026-03-22T15:31:25","guid":{"rendered":"https:\/\/ushbasket.fr\/?page_id=3270"},"modified":"2026-03-22T16:31:53","modified_gmt":"2026-03-22T15:31:53","slug":"credit-mutuel","status":"publish","type":"page","link":"https:\/\/ushbasket.fr\/index.php\/credit-mutuel\/","title":{"rendered":"CREDIT MUTUEL"},"content":{"rendered":"<p class=\"x_gmail-isSelectedEnd\" data-olk-copy-source=\"MessageBody\">Un partenariat qui profite \u00e0 tous \ud83d\udc99<\/p>\n<p class=\"x_gmail-isSelectedEnd\">Le Cr\u00e9dit Mutuel, partenaire fid\u00e8le de l\u2019USH Basket avec ses agences du Pays du Gier, continue de soutenir activement notre club.<\/p>\n<p class=\"x_gmail-isSelectedEnd\">Aujourd\u2019hui, vous pouvez vous aussi contribuer\u2026 tr\u00e8s simplement.<\/p>\n<p class=\"x_gmail-isSelectedEnd\">\ud83d\udc49 En devenant client (sans frais d\u2019ouverture ni de tenue de compte) :<\/p>\n<ul>\n<li>\n<p class=\"x_gmail-isSelectedEnd\">50 \u20ac vous sont offerts<\/p>\n<\/li>\n<li>\n<p class=\"x_gmail-isSelectedEnd\">50 \u20ac sont revers\u00e9s directement \u00e0 votre club<\/p>\n<\/li>\n<\/ul>\n<p class=\"x_gmail-isSelectedEnd\">C\u2019est simple : vous y gagnez, et l\u2019USH Basket aussi.<\/p>\n<p class=\"x_gmail-isSelectedEnd\">Un petit geste pour vous, un vrai coup de pouce pour le club \ud83d\ude4c<\/p>\n<p class=\"x_gmail-isSelectedEnd\">Merci \u00e0 celles et ceux qui participeront, et un grand merci au Cr\u00e9dit Mutuel pour sa confiance et son engagement \u00e0 nos c\u00f4t\u00e9s.<\/p>\n<p>Ensemble, faisons grandir l\u2019USH Basket !<\/p>\n","protected":false},"excerpt":{"rendered":"<p>Un partenariat qui profite \u00e0 tous \ud83d\udc99 Le Cr\u00e9dit Mutuel, partenaire fid\u00e8le de l\u2019USH Basket avec ses agences du Pays du Gier, continue de soutenir activement notre club. Aujourd\u2019hui, vous&hellip; <\/p>\n","protected":false},"author":1,"featured_media":2999,"parent":0,"menu_order":0,"comment_status":"closed","ping_status":"closed","template":"","meta":{"_themeisle_gutenberg_block_has_review":false,"footnotes":""},"class_list":["post-3270","page","type-page","status-publish","has-post-thumbnail","hentry"],"jetpack_sharing_enabled":true,"_links":{"self":[{"href":"https:\/\/ushbasket.fr\/index.php\/wp-json\/wp\/v2\/pages\/3270","targetHints":{"allow":["GET"]}}],"collection":[{"href":"https:\/\/ushbasket.fr\/index.php\/wp-json\/wp\/v2\/pages"}],"about":[{"href":"https:\/\/ushbasket.fr\/index.php\/wp-json\/wp\/v2\/types\/page"}],"author":[{"embeddable":true,"href":"https:\/\/ushbasket.fr\/index.php\/wp-json\/wp\/v2\/users\/1"}],"replies":[{"embeddable":true,"href":"https:\/\/ushbasket.fr\/index.php\/wp-json\/wp\/v2\/comments?post=3270"}],"version-history":[{"count":1,"href":"https:\/\/ushbasket.fr\/index.php\/wp-json\/wp\/v2\/pages\/3270\/revisions"}],"predecessor-version":[{"id":3271,"href":"https:\/\/ushbasket.fr\/index.php\/wp-json\/wp\/v2\/pages\/3270\/revisions\/3271"}],"wp:featuredmedia":[{"embeddable":true,"href":"https:\/\/ushbasket.fr\/index.php\/wp-json\/wp\/v2\/media\/2999"}],"wp:attachment":[{"href":"https:\/\/ushbasket.fr\/index.php\/wp-json\/wp\/v2\/media?parent=3270"}],"curies":[{"name":"wp","href":"https:\/\/api.w.org\/{rel}","templated":true}]}}