{"id":437,"date":"2023-08-28T15:45:10","date_gmt":"2023-08-28T13:45:10","guid":{"rendered":"https:\/\/ushbasket.fr\/?page_id=437"},"modified":"2023-08-28T16:14:17","modified_gmt":"2023-08-28T14:14:17","slug":"nos-valeurs","status":"publish","type":"page","link":"https:\/\/ushbasket.fr\/index.php\/nos-valeurs\/","title":{"rendered":"Nos valeurs"},"content":{"rendered":"\n\n\n\nLes valeurs\n\n\n\nL\u2019USH Basket tient \u00e0 la d\u00e9fense et \u00e0 l\u2019enseignement des valeurs r\u00e9publicaines et s\u2019emploie \u00e0 accueillir tout adh\u00e9rent sans discrimination. En retour, chaque adh\u00e9rent, chaque joueur, chaque parent doit s\u2019attacher \u00e0 faire preuve de courtoisie, de civilit\u00e9 et d\u2019\u00e9thique sportive.\n\n\n\n<a><\/a>Notre nouveau slogan&nbsp;<strong>\u00ab&nbsp;Partageons plus qu\u2019un jeu&nbsp;\u00bb<\/strong>&nbsp;marque d\u2019une nouvelle empreinte l\u2019esprit et les valeurs qui animent notre club. Il vise \u00e0 renforcer les principes de solidarit\u00e9, de convivialit\u00e9 et de partage au-del\u00e0 du jeu.\n\n\n\n\n\n\n\n\n\n\n\n\n\nLa vie sportive\n\n\n\nAvec plus des deux tiers de nos effectifs inscrits dans les cat\u00e9gories \u00ab&nbsp;jeunes&nbsp;\u00bb, notre club constitue un vivier de basketteurs et basketteuses cons\u00e9quent qu\u2019il convient d\u2019accompagner dans leur formation.\n\n\n\nPour ce faire, ont \u00e9t\u00e9 mis en place des centres d\u2019entra\u00eenement depuis plusieurs ann\u00e9es afin de permettre, d\u00e8s le plus jeune \u00e2ge, de ma\u00eetriser les fondamentaux techniques et se perfectionner pour ceux et celles qui, en grandissant, aspirent \u00e0 jouer en comp\u00e9tition. Ces entra\u00eenements sp\u00e9cifiques sont assur\u00e9s par des adultes dipl\u00f4m\u00e9s et des parents b\u00e9n\u00e9voles.\n\n\n\nDes formations \u00ab&nbsp;entra\u00eeneurs&nbsp;\u00bb et \u00ab&nbsp;jeunes arbitres&nbsp;\u00bb sont assur\u00e9es en interne et en lien avec le Comit\u00e9 de basket de la Loire. L\u2019objectif est de faire monter progressivement en comp\u00e9tences l\u2019ensemble des encadrants.\n\n\n\n\n\n\n\n\n\n<strong>La vie associative<\/strong>\n\n\n\nLe club s\u2019appuie sur les bonnes volont\u00e9s des adh\u00e9rents, des parents et des joueurs. Tous les b\u00e9n\u00e9voles sont les bienvenus pour participer activement ou ponctuellement \u00e0 la vie du club.\n\n\n\nLeur participation aux instances d\u00e9cisionnelles ou leur contribution \u00e0 l\u2019organisation des rencontres et des manifestations (championnat, tournoi adultes, tournoi U9\/U11\u2026) ou par le biais de la mise en place d\u2019initiatives festives (bingo, soir\u00e9e familiale, vide grenier, soir\u00e9e th\u00e9\u00e2tre\u2026), reste essentielle dans l\u2019organisation et le bon d\u00e9roulement de chaque saison \u00e0 l\u2019USH BASKET.\n\n\n\n<strong>L\u2019USH BASKET d\u00e9sire ainsi r\u00e9affirmer qu\u2019il demeure avant tout un lieu de convivialit\u00e9, d\u2019\u00e9changes et de partage. Le retour au jeu devrait permettre de concr\u00e9tiser cet ambitieux projet.<\/strong>\n\n\n\n\n\n","protected":false},"excerpt":{"rendered":"","protected":false},"author":1,"featured_media":0,"parent":0,"menu_order":0,"comment_status":"closed","ping_status":"closed","template":"full-width","meta":{"_themeisle_gutenberg_block_has_review":false,"footnotes":""},"class_list":["post-437","page","type-page","status-publish","hentry"],"jetpack_sharing_enabled":true,"_links":{"self":[{"href":"https:\/\/ushbasket.fr\/index.php\/wp-json\/wp\/v2\/pages\/437","targetHints":{"allow":["GET"]}}],"collection":[{"href":"https:\/\/ushbasket.fr\/index.php\/wp-json\/wp\/v2\/pages"}],"about":[{"href":"https:\/\/ushbasket.fr\/index.php\/wp-json\/wp\/v2\/types\/page"}],"author":[{"embeddable":true,"href":"https:\/\/ushbasket.fr\/index.php\/wp-json\/wp\/v2\/users\/1"}],"replies":[{"embeddable":true,"href":"https:\/\/ushbasket.fr\/index.php\/wp-json\/wp\/v2\/comments?post=437"}],"version-history":[{"count":4,"href":"https:\/\/ushbasket.fr\/index.php\/wp-json\/wp\/v2\/pages\/437\/revisions"}],"predecessor-version":[{"id":447,"href":"https:\/\/ushbasket.fr\/index.php\/wp-json\/wp\/v2\/pages\/437\/revisions\/447"}],"wp:attachment":[{"href":"https:\/\/ushbasket.fr\/index.php\/wp-json\/wp\/v2\/media?parent=437"}],"curies":[{"name":"wp","href":"https:\/\/api.w.org\/{rel}","templated":true}]}}